{"id":710,"date":"2024-03-19T10:25:46","date_gmt":"2024-03-19T09:25:46","guid":{"rendered":"https:\/\/belmek.eus\/accesibilidad\/"},"modified":"2024-08-01T12:08:38","modified_gmt":"2024-08-01T10:08:38","slug":"accessibilite","status":"publish","type":"page","link":"https:\/\/belmek.eus\/fr\/accessibilite\/","title":{"rendered":"Accessibilit\u00e9"},"content":{"rendered":"\n<h1>\n\t\tAccesibilidad\n\t<\/h1>\n\t<p><strong>Declaraci\u00f3n de Accesibilidad<\/strong><\/p>\n<p>Belmek se compromete a proporcionar una experiencia de sitio web totalmente accesible para todos los usuarios de todas las habilidades, incluyendo aquellos que dependen de tecnolog\u00edas de asistencia como lectores de pantalla, software de ampliaci\u00f3n de pantalla y dispositivos alternativos de entrada de teclado para navegar por la web, de conformidad con el Real Decreto 1112\/2018, de 7 de septiembre, sobre accesibilidad de los sitios web y aplicaciones para dispositivos m\u00f3viles del sector p\u00fablico.<\/p>\nLa presente declaraci\u00f3n de accesibilidad se aplica a www.belmek.eus<br \/>\nActividades en curso para asegurar la accesibilidad\n<p>Seguimos la versi\u00f3n 2.1 de las Directrices de Accesibilidad de Contenido Web (WCAG) como nuestro principio rector para determinar la accesibilidad. Se trata de normas convenidas internacionalmente que abarcan una amplia gama de recomendaciones y mejores pr\u00e1cticas para hacer que el contenido sea \u00fatil. A medida que a\u00f1adimos nuevas p\u00e1ginas y funcionalidad a nuestro sitio web, todos los dise\u00f1os, c\u00f3digos y pr\u00e1cticas de entrada de contenidos se controlan con estos est\u00e1ndares.<\/p>\nLa accesibilidad al sitio web es un proceso en curso. Probamos continuamente el contenido y las caracter\u00edsticas de WCAG 2.1 Nivel AA y remediamos cualquier problema para asegurarnos de cumplir o superar las normas. Probando nuestro sitio web es realizado por nuestros miembros del equipo utilizando herramientas est\u00e1ndar de la industria como el Plugin de Verificaci\u00f3n de Accesibilidad, analizadores de contraste de colores, t\u00e9cnicas de navegaci\u00f3n de teclado y pruebas de legibilidad de Flesch-Kincaid.<br \/>\nContenido no accesible\nTodo el contenido es accesible.<br \/>\nPreparaci\u00f3n de la presente declaraci\u00f3n de accesibilidad\nLa presente declaraci\u00f3n fue preparada el 12 de junio de 2023. El m\u00e9todo empleado para preparar la declaraci\u00f3n ha sido una autoevaluaci\u00f3n llevada a cabo por el propio organismo.<br \/>\nContacto de apoyo a la accesibilidad\n<p>Acogemos con benepl\u00e1cito los comentarios, preguntas y comentarios en nuestro sitio web. Si est\u00e1 utilizando tecnolog\u00edas de asistencia y tiene dificultades para utilizar nuestro sitio web, por favor env\u00ede un correo electr\u00f3nico a belmek@belmek.eus, haremos todo lo posible para ayudarle y resolver problemas.<\/p>\n<p>Puede realizar comunicaciones sobre requisitos de accesibilidad (art\u00edculo 10.2.a) del RD 1112\/2018) como por ejemplo:<\/p>\nInformar sobre cualquier posible incumplimiento por parte de este sitio web.<br \/>\nTransmitir otras dificultades de acceso a nuestro contenido.<br \/>\nFormular cualquier otra consulta o sugerencia de mejora relativa a la accesibilidad de nuestro sitio web.\n<p>Puede presentar:<\/p>\nUna queja relativa al cumplimiento de los requisitos del RD 1112\/2018 o<br \/>\nuna solicitud de informaci\u00f3n accesible relativa a:<br \/>\ncontenidos que est\u00e1n excluidos del \u00e1mbito de aplicaci\u00f3n del RD 1112\/2018 seg\u00fan lo establecido por el art\u00edculo 3, apartado 4<br \/>\ncontenidos que est\u00e1n exentos del cumplimiento de los requisitos de accesibilidad por imponer una carga desproporcionada.\n<p>En la solicitud de informaci\u00f3n accesible, se debe concretar, con toda claridad, los hechos, razones y petici\u00f3n que permitan constatar que se trata de una solicitud razonable y leg\u00edtima.<\/p>\n<p>Las comunicaciones, quejas y solicitudes de informaci\u00f3n accesible ser\u00e1n recibidas y tratadas por Belmek.<\/p>\n\n","protected":false},"excerpt":{"rendered":"<p>Accesibilidad Declaraci\u00f3n de Accesibilidad Belmek se compromete a proporcionar una experiencia de sitio web totalmente accesible para todos los usuarios de todas las habilidades, incluyendo aquellos que dependen de tecnolog\u00edas de asistencia como lectores de pantalla, software de ampliaci\u00f3n de pantalla y dispositivos alternativos de entrada de teclado para navegar por la web, de conformidad&hellip;<\/p>\n","protected":false},"author":1,"featured_media":0,"parent":0,"menu_order":0,"comment_status":"closed","ping_status":"closed","template":"","meta":{"inline_featured_image":false,"slim_seo":{"description":"Accesibilidad","title":"Accessibilit\u00e9 - Belmek"},"footnotes":""},"class_list":["post-710","page","type-page","status-publish","hentry"],"_links":{"self":[{"href":"https:\/\/belmek.eus\/fr\/wp-json\/wp\/v2\/pages\/710","targetHints":{"allow":["GET"]}}],"collection":[{"href":"https:\/\/belmek.eus\/fr\/wp-json\/wp\/v2\/pages"}],"about":[{"href":"https:\/\/belmek.eus\/fr\/wp-json\/wp\/v2\/types\/page"}],"author":[{"embeddable":true,"href":"https:\/\/belmek.eus\/fr\/wp-json\/wp\/v2\/users\/1"}],"replies":[{"embeddable":true,"href":"https:\/\/belmek.eus\/fr\/wp-json\/wp\/v2\/comments?post=710"}],"version-history":[{"count":0,"href":"https:\/\/belmek.eus\/fr\/wp-json\/wp\/v2\/pages\/710\/revisions"}],"wp:attachment":[{"href":"https:\/\/belmek.eus\/fr\/wp-json\/wp\/v2\/media?parent=710"}],"curies":[{"name":"wp","href":"https:\/\/api.w.org\/{rel}","templated":true}]}}