{"id":702,"date":"2024-02-19T09:03:16","date_gmt":"2024-02-19T08:03:16","guid":{"rendered":"https:\/\/belmek.eus\/aviso-legal\/"},"modified":"2024-08-01T12:05:52","modified_gmt":"2024-08-01T10:05:52","slug":"avis-legal","status":"publish","type":"page","link":"https:\/\/belmek.eus\/fr\/avis-legal\/","title":{"rendered":"Av\u00eds legal"},"content":{"rendered":"\n<h1>\n\t\tAviso legal\n\t<\/h1>\n\t<strong>Titularidad<\/strong><br \/>\nLa presente p\u00e1gina web es propiedad de MECANIZADOS DE PRECISION BELMEK, S.L.L., en adelante BELMEK, con C.I.F. n\u00famero B-75178293 y domicilio social en Telleria kalea, 19, B-5 &#8211; 20570 Bergara &#8211; Gipuzkoa.\n<strong>Condiciones de uso<\/strong><br \/>\nBELMEK no asume ninguna responsabilidad derivada del uso incorrecto, inapropiado o il\u00edcito de la informaci\u00f3n aparecida en la presenta p\u00e1gina web. Tampoco asume ninguna responsabilidad derivada de la falta de veracidad, integridad, actualizaci\u00f3n y precisi\u00f3n de los datos o informaciones que se contienen en sus p\u00e1ginas de Internet.\n<p>El website de BELMEK puede contener enlaces (links) a otras p\u00e1ginas de terceras partes que BELMEK no puede controlar. Por lo que BELMEK no puede asumir responsabilidades por el contenido que pueda aparecer en p\u00e1ginas de terceros.<\/p>\n<p>Los textos, im\u00e1genes, sonidos, animaciones, software y el resto de contenidos incluidos en este website son propiedad exclusiva de BELMEK o sus licenciantes. Cualquier acto de transmisi\u00f3n, distribuci\u00f3n, cesi\u00f3n, reproducci\u00f3n, almacenamiento o comunicaci\u00f3n p\u00fablica total o parcial, debe contar con su consentimiento expreso.<\/p>\n<strong>Pol\u00edtica de privacidad<\/strong><br \/>\nInformaci\u00f3n sobre protecci\u00f3n de datos:\n<p><strong>\u00bfQui\u00e9n es el responsable del tratamiento de sus datos?<\/strong><\/p>\nMECANIZADOS DE PRECISION BELMEK, S.L.L<br \/>\nTelleria kalea, 19, B-5, 20570 Bergara (Gipuzkoa)<br \/>\nTlf: 943 76 94 60 &#8211; E-mail: belmek@belmek.eus\n<p><strong>\u00bfCon qu\u00e9 finalidad tratamos sus datos personales?<\/strong><\/p>\n<p>En MECANIZADOS DE PRECISION BELMEK, S.L.L. tratamos la informaci\u00f3n que nos facilitan las personas interesadas con el fin de prestar el servicio solicitado y env\u00edo de publicidad en el caso de haber dado consentimiento.<\/p>\n<p><strong>\u00bfPor cu\u00e1nto tiempo conservaremos sus datos?<\/strong><\/p>\n<p>Los datos personales proporcionados se conservar\u00e1n mientras se mantenga la prestaci\u00f3n de servicio y\/o para posibles responsabilidades legales.<\/p>\n<p><strong>\u00bfCu\u00e1l es la legitimaci\u00f3n para el tratamiento de sus datos?<\/strong><\/p>\n<p>La base legal para el tratamiento de sus datos es la prestaci\u00f3n del servicio y\/o consentimiento del interesado.<\/p>\n<p><strong>\u00bfA qu\u00e9 destinatarios se comunicar\u00e1n sus datos?<\/strong><\/p>\n<p>Los datos no se comunicar\u00e1n a terceros ajenos a la empresa.<\/p>\n<p><strong>\u00bfCu\u00e1les son sus derechos cuando nos facilita sus datos?<\/strong><\/p>\n<p>Cualquier interesado tiene derecho a tener confirmaci\u00f3n sobre si, en MECANIZADOS DE PRECISION BELMEK, S.L.L. se est\u00e1n tratando datos personales que le concierne, o no.<\/p>\n<p>Como titular de los datos puedes ejercitar los derechos de acceso, rectificaci\u00f3n, supresi\u00f3n, oposici\u00f3n, limitaci\u00f3n al tratamiento, portabilidad y revocaci\u00f3n del consentimiento prestado dirigiendo un escrito con copia de tu DNI a belmek@belmek.eus.<\/p>\n<p>Tambi\u00e9n podr\u00e1s en caso de no ver atendidos debidamente tus derechos interponer reclamaci\u00f3n ante la Agencia de protecci\u00f3n de datos.<\/p>\n<p>Del mismo modo, tal y como queda previsto en el Reglamento General de Protecci\u00f3n de Datos, usted tiene podr\u00e1 ejercitar los siguientes derechos:<\/p>\n<ul>\n<li>Derecho de Portabilidad: en los casos en los que el interesado solicite recibir los datos de car\u00e1cter personal que le incumban, y que haya facilitado a en MECANIZADOS DE PRECISION BELMEK, S.L.L. Estos datos se proporcionar\u00e1n al interesado en un formato estructurado de uso com\u00fan y lectura mec\u00e1nica.<\/li>\n<li>Derecho de oposici\u00f3n: Solicitar el cese de sus datos en determinadas circunstancias y por motivos relacionados con su situaci\u00f3n particular, en cuyo caso, en MECANIZADOS DE PRECISION BELMEK, S.L.L. dejar\u00eda de tratarlos salvo por motivos leg\u00edtimos imperiosos o por el ejercicio o la defensa de posibles reclamaciones.<\/li>\n<\/ul>\n\n","protected":false},"excerpt":{"rendered":"<p>Aviso legal Titularidad La presente p\u00e1gina web es propiedad de MECANIZADOS DE PRECISION BELMEK, S.L.L., en adelante BELMEK, con C.I.F. n\u00famero B-75178293 y domicilio social en Telleria kalea, 19, B-5 &#8211; 20570 Bergara &#8211; Gipuzkoa. Condiciones de uso BELMEK no asume ninguna responsabilidad derivada del uso incorrecto, inapropiado o il\u00edcito de la informaci\u00f3n aparecida en&hellip;<\/p>\n","protected":false},"author":1,"featured_media":0,"parent":0,"menu_order":0,"comment_status":"closed","ping_status":"closed","template":"","meta":{"inline_featured_image":false,"slim_seo":{"title":"Av\u00eds legal - Belmek","description":"Aviso legal Titularidad La presente p\u00e1gina web es propiedad de MECANIZADOS DE PRECISION BELMEK, S.L.L., en adelante BELMEK, con C.I.F. n\u00famero B-75178293 y domic"},"footnotes":""},"class_list":["post-702","page","type-page","status-publish","hentry"],"_links":{"self":[{"href":"https:\/\/belmek.eus\/fr\/wp-json\/wp\/v2\/pages\/702","targetHints":{"allow":["GET"]}}],"collection":[{"href":"https:\/\/belmek.eus\/fr\/wp-json\/wp\/v2\/pages"}],"about":[{"href":"https:\/\/belmek.eus\/fr\/wp-json\/wp\/v2\/types\/page"}],"author":[{"embeddable":true,"href":"https:\/\/belmek.eus\/fr\/wp-json\/wp\/v2\/users\/1"}],"replies":[{"embeddable":true,"href":"https:\/\/belmek.eus\/fr\/wp-json\/wp\/v2\/comments?post=702"}],"version-history":[{"count":0,"href":"https:\/\/belmek.eus\/fr\/wp-json\/wp\/v2\/pages\/702\/revisions"}],"wp:attachment":[{"href":"https:\/\/belmek.eus\/fr\/wp-json\/wp\/v2\/media?parent=702"}],"curies":[{"name":"wp","href":"https:\/\/api.w.org\/{rel}","templated":true}]}}