{"id":659,"date":"2024-01-09T08:18:19","date_gmt":"2024-01-09T07:18:19","guid":{"rendered":"https:\/\/belmek.eus\/contacto\/"},"modified":"2024-12-02T15:05:15","modified_gmt":"2024-12-02T14:05:15","slug":"contacter","status":"publish","type":"page","link":"https:\/\/belmek.eus\/fr\/contacter\/","title":{"rendered":"CONTACTER"},"content":{"rendered":"\n<h1>\n\t\tContactez-nous\n\t<\/h1>\n<h2>\n\t\tADRESSE\n\t<\/h2>\n<h2>\n\t\tTelleria kalea, 19 &#8211; Pabell\u00f3n B 5 20570 Bergara (Gipuzkoa) Espagne\n\t<\/h2>\n<h2>\n\t\tT\u00c9L\u00c9PHONE\n\t<\/h2>\n<h2>\n\t\t0034 943 76 9460\n\t<\/h2>\n<h2>\n\t\tEMAIL\n\t<\/h2>\n<h2>\n\t\tbelmek@belmek.eus \n\t<\/h2>\n<h2>\n\t\tMECANIZADOS DE PRECISION BELMEK, S.L.L.\n\t<\/h2>\n\t\t\t\t\t\t\t\t<a href=\"https:\/\/es.linkedin.com\/company\/mecanizados-de-precisi%C3%B3n-belmek\" target=\"_blank\" itemprop=\"url\" rel=\"noopener\">\n\t\t\t\t\t\t\t\t\t<img loading=\"lazy\" decoding=\"async\" src=\"https:\/\/belmek.eus\/wp-content\/uploads\/LinkedIn.svg\" alt=\"Linkedin\" itemprop=\"image\" height=\"36\" width=\"150\" title=\"LinkedIn\" onerror=\"this.style.display='none'\">\n\t\t\t\t\t\t\t\t\t\t\t\t\t<\/a>\n\t<iframe src=\"https:\/\/www.google.com\/maps\/embed\/v1\/place?q=Telleria+kalea%2C+19+%E2%80%93+Pabell%C3%B3n+B+5+20570+Bergara+Gipuzkoa&amp;key=AIzaSyD09zQ9PNDNNy9TadMuzRV_UsPUoWKntt8\" aria-hidden=\"true\"><\/iframe>\n<h2>\n\t\t\u00c9crivez-nous et nous vous contacterons dans les plus brefs d\u00e9lais\n\t<\/h2>\n\t<p>Vous souhaitez demander une offre ? Compl\u00e9tez le formulaire de contact ci-dessous et notre \u00e9quipe vous contactera dans les plus brefs d\u00e9lais.<\/p>\n\t\t    <form data-form_id=\"4\" id=\"fluentform_4\" data-form_instance=\"ff_form_instance_4_1\" method=\"POST\"><fieldset>\n                    <legend>Formulario de contacto &#8211; Frances<\/legend><input type=\"hidden\" name=\"__fluent_form_embded_post_id\" value=\"659\"><input type=\"hidden\" id=\"_fluentform_4_fluentformnonce\" name=\"_fluentform_4_fluentformnonce\" value=\"07286ae79f\"><input type=\"hidden\" name=\"_wp_http_referer\" value=\"\/fr\/?page_id=659&amp;fl_builder\"><label for=\"ff_4_nom_first_name_\" aria-label=\"Nom et Pr\u00e9nom\">Nom et Pr\u00e9nom<\/label><input type=\"text\" name=\"nom[first_name]\" id=\"ff_4_nom_first_name_\" aria-invalid=\"false\" aria-required=\"true\/\"><label for=\"ff_4_input_text\" aria-label=\"Entreprise\">Entreprise<\/label><input type=\"text\" name=\"input_text\" data-name=\"input_text\" id=\"ff_4_input_text\" aria-invalid=\"false\" aria-required=\"true\/\"><label for=\"ff_4_email\" aria-label=\"Email\">Email<\/label><input type=\"email\" name=\"email\" id=\"ff_4_email\" data-name=\"email\" aria-invalid=\"false\" aria-required=\"true\/\"><label for=\"ff_4_numeric-field\" aria-label=\"T\u00e9l\u00e9phone\">T\u00e9l\u00e9phone<\/label><input type=\"number\" name=\"numeric-field\" id=\"ff_4_numeric-field\" data-name=\"numeric-field\" inputmode=\"numeric\" step=\"any\" aria-invalid=\"false\" aria-required=\"true\/\"><label for=\"ff_4_input_text_1\" aria-label=\"Pays\">Pays<\/label><input type=\"text\" name=\"input_text_1\" data-name=\"input_text_1\" id=\"ff_4_input_text_1\" aria-invalid=\"false\" aria-required=\"true\/\"><label for=\"ff_4_input_text_2\" aria-label=\"Objet du message\">Objet du message<\/label><input type=\"text\" name=\"input_text_2\" data-name=\"input_text_2\" id=\"ff_4_input_text_2\" aria-invalid=\"false\" aria-required=\"true\/\"><label for=\"ff_4_commentaires\" aria-label=\"Commentaires\">Commentaires<\/label><textarea aria-invalid=\"false\" aria-required=\"true\" name=\"commentaires\" id=\"ff_4_commentaires\" rows=\"16\" cols=\"2\" data-name=\"commentaires\"><\/textarea><label aria-label=\"terms &amp; conditions\" class=\"ff-el-form-check-label ff_tc_label\" for=\"terms-n-condition_2375c8d3797a1afda367ddd0c704061f\"><input type=\"checkbox\" name=\"terms-n-condition\" data-name=\"terms-n-condition\" id=\"terms-n-condition_2375c8d3797a1afda367ddd0c704061f\" value=\"on\" aria-invalid=\"false\" aria-required=\"true\/\"> <p>J&rsquo;accepte les termes et conditions de l&rsquo;avis juridique.<\/p><\/label><button type=\"submit\">ENVOYER<\/button><\/fieldset><\/form>\n","protected":false},"excerpt":{"rendered":"<p>Contactez-nous ADRESSE Telleria kalea, 19 &#8211; Pabell\u00f3n B 5 20570 Bergara (Gipuzkoa) Espagne T\u00c9L\u00c9PHONE 0034 943 76 9460 EMAIL belmek@belmek.eus MECANIZADOS DE PRECISION BELMEK, S.L.L. \u00c9crivez-nous et nous vous contacterons dans les plus brefs d\u00e9lais Vous souhaitez demander une offre ? Compl\u00e9tez le formulaire de contact ci-dessous et notre \u00e9quipe vous contactera dans les plus&hellip;<\/p>\n","protected":false},"author":1,"featured_media":0,"parent":0,"menu_order":0,"comment_status":"closed","ping_status":"closed","template":"","meta":{"inline_featured_image":false,"slim_seo":{"description":"D\u00e9couvrez Belmek, expert en usinage de pr\u00e9cision \u00e0 Bergara. Demandez votre offre et contactez-nous pour plus d'informations. Qualit\u00e9 et attention garanties.","title":"CONTACTER - Belmek"},"footnotes":""},"class_list":["post-659","page","type-page","status-publish","hentry"],"_links":{"self":[{"href":"https:\/\/belmek.eus\/fr\/wp-json\/wp\/v2\/pages\/659","targetHints":{"allow":["GET"]}}],"collection":[{"href":"https:\/\/belmek.eus\/fr\/wp-json\/wp\/v2\/pages"}],"about":[{"href":"https:\/\/belmek.eus\/fr\/wp-json\/wp\/v2\/types\/page"}],"author":[{"embeddable":true,"href":"https:\/\/belmek.eus\/fr\/wp-json\/wp\/v2\/users\/1"}],"replies":[{"embeddable":true,"href":"https:\/\/belmek.eus\/fr\/wp-json\/wp\/v2\/comments?post=659"}],"version-history":[{"count":0,"href":"https:\/\/belmek.eus\/fr\/wp-json\/wp\/v2\/pages\/659\/revisions"}],"wp:attachment":[{"href":"https:\/\/belmek.eus\/fr\/wp-json\/wp\/v2\/media?parent=659"}],"curies":[{"name":"wp","href":"https:\/\/api.w.org\/{rel}","templated":true}]}}