{"id":649,"date":"2024-01-09T11:14:13","date_gmt":"2024-01-09T10:14:13","guid":{"rendered":"https:\/\/belmek.eus\/medios-de-produccion\/"},"modified":"2026-02-27T11:24:56","modified_gmt":"2026-02-27T10:24:56","slug":"moyens-de-productions","status":"publish","type":"page","link":"https:\/\/belmek.eus\/fr\/moyens-de-productions\/","title":{"rendered":"MOYENS DE PRODUCTIONS"},"content":{"rendered":"\n<h1>\n\t\t\tMoyens de productions\t<\/h1>\n<h2>\n\t\t\tNos centres de tournage de derni\u00e8res g\u00e9n\u00e9ration nous permettent de donner une r\u00e9ponse optimale \u00e0 nos clients\t<\/h2>\n<h2>\n\t\t\tGRANDE COMPLEXIT\u00c9\t<\/h2>\n<h1>\n\t\t\tDes normes de qualit\u00e9 \u00e9lev\u00e9es\t<\/h1>\n\t<p>Pour le d\u00e9colletage nous disposons de tours CNC \u00e9quip\u00e9s de chargeurs de barres automatiques jusqu&rsquo;\u00e0 65 mm, con\u00e7us pour l&rsquo;usinage de pi\u00e8ces en s\u00e9rie.<\/p>\n<p>PROCESSUS AUTOMATIQUES capables d&rsquo;usiner des pi\u00e8ces jusqu&rsquo;\u00e0 350 mm de diam\u00e8tre et 50 kg.<\/p>\n\t\t\t\t\t\t\t\t\t<img loading=\"lazy\" decoding=\"async\" src=\"https:\/\/belmek.eus\/wp-content\/uploads\/mecanizado-virtual-1024x678-1.jpeg\" alt=\"Mecanizado virtual 1024x678\" itemprop=\"image\" height=\"678\" width=\"1024\" srcset=\"https:\/\/belmek.eus\/wp-content\/uploads\/mecanizado-virtual-1024x678-1.jpeg 1024w, https:\/\/belmek.eus\/wp-content\/uploads\/mecanizado-virtual-1024x678-1-300x199.jpeg 300w, https:\/\/belmek.eus\/wp-content\/uploads\/mecanizado-virtual-1024x678-1-768x509.jpeg 768w\" sizes=\"auto, (max-width: 1024px) 100vw, 1024px\" title=\"mecanizado-virtual-1024x678\" onerror=\"this.style.display='none'\"  \/>\n\t<!DOCTYPE html>\n<html lang=\"en\">\n<head>\n    <meta charset=\"UTF-8\"\/>\n    <meta name=\"viewport\" content=\"width=device-width, initial-scale=1.0\"\/>\n    <title>Document<\/title>\n    <link rel=\"preconnect\" href=\"https:\/\/fonts.googleapis.com\"\/>\n    <link rel=\"preconnect\" href=\"https:\/\/fonts.gstatic.com\" crossorigin\/>\n    <link rel=\"stylesheet\" href=\"https:\/\/use.typekit.net\/xtk2pof.css\"\/>\n    <style> \n        *{\n            margin: 0px;\n            padding: 0px;\n            box-sizing: border-box;\n        }\n        .marquesina {\n            white-space: nowrap;\n            overflow: hidden;\n            position: relative;\n        }\n        .marquesina .animacion {\n            display: inline-block;\n            animation: marquee 570s linear infinite;\n        }\n        @keyframes marquee {\n            0% { transform: translateX(1%); }\n            100% { transform: translateX(-100%); }\n        }\n        .texto {\n            color: #FFF;\n            font-family: \"Proxima Nova\";\n            font-size: 48px;\n            line-height: 120px;\n            font-style: normal;\n            font-weight: 400; \n        }\n        .estilo_contenedor{\n            background-color: #F8C600;\n            height: 120x;\n        }\n     <\/style>\n<\/head>\n<body>\n    <section>\n                CAPACIT\u00c9 DE GANTRY JUSQU&rsquo;\u00c0 50 KG \/ D\u00c9COLLETAGE JUSQU&rsquo;\u00c0 65 MM DE DIAM\u00c8TRE \/ USINAGE DE PI\u00c8CES D\u00c9COUP\u00c9ES JUSQU&rsquo;\u00c0 350 MM \/  &nbsp; CAPACIT\u00c9 DE GANTRY JUSQU&rsquo;\u00c0 50 KG \/ D\u00c9COLLETAGE JUSQU&rsquo;\u00c0 65 MM DE DIAM\u00c8TRE \/ USINAGE DE PI\u00c8CES D\u00c9COUP\u00c9ES JUSQU&rsquo;\u00c0 350 MM \/  &nbsp;CAPACIT\u00c9 DE GANTRY JUSQU&rsquo;\u00c0 50 KG \/ D\u00c9COLLETAGE JUSQU&rsquo;\u00c0 65 MM DE DIAM\u00c8TRE \/ USINAGE DE PI\u00c8CES D\u00c9COUP\u00c9ES JUSQU&rsquo;\u00c0 350 MM \/  &nbsp;CAPACIT\u00c9 DE GANTRY JUSQU&rsquo;\u00c0 50 KG \/ D\u00c9COLLETAGE JUSQU&rsquo;\u00c0 65 MM DE DIAM\u00c8TRE \/ USINAGE DE PI\u00c8CES D\u00c9COUP\u00c9ES JUSQU&rsquo;\u00c0 350 MM \/  &nbsp;CAPACIT\u00c9 DE GANTRY JUSQU&rsquo;\u00c0 50 KG \/ D\u00c9COLLETAGE JUSQU&rsquo;\u00c0 65 MM DE DIAM\u00c8TRE \/ USINAGE DE PI\u00c8CES D\u00c9COUP\u00c9ES JUSQU&rsquo;\u00c0 350 MM \/  &nbsp;CAPACIT\u00c9 DE GANTRY JUSQU&rsquo;\u00c0 50 KG \/ D\u00c9COLLETAGE JUSQU&rsquo;\u00c0 65 MM DE DIAM\u00c8TRE \/ USINAGE DE PI\u00c8CES D\u00c9COUP\u00c9ES JUSQU&rsquo;\u00c0 350 MM \/  &nbsp;\n    <\/section>\n<\/body>\n<\/html>\n<h2>\n\t\t\tUne pr\u00e9cision exceptionnelle dans chaque op\u00e9ration d&rsquo;usinage\t<\/h2>\n<h2>\n\t\t\tPi\u00e8ces \u00e0 haute efficacit\u00e9 avec des g\u00e9om\u00e9tries simples et complexes\t<\/h2>\n<h2>\n\t\t\tDes processus avec une excellente qualit\u00e9 de fabrication\t<\/h2>\n<h2>\n\t\t\tCapacit\u00e9 jusqu&rsquo;\u00e0 50 kg sur chaque bras\t<\/h2>\n\t\t\t\t\t\t\t\t\t<img loading=\"lazy\" decoding=\"async\" src=\"https:\/\/belmek.eus\/wp-content\/uploads\/medios_de_produccion.svg\" alt=\"Medios de produccion\" itemprop=\"image\" height=\"114\" width=\"150\" height=\"227\" width=\"300\" height=\"776\" width=\"1024\" height=\"1\" width=\"1\" height=\"1\" width=\"1\" height=\"634\" width=\"839\" title=\"medios_de_produccion\" onerror=\"this.style.display='none'\"  \/>\n\t\t\t\t\t\t\t\t\t<img loading=\"lazy\" decoding=\"async\" src=\"https:\/\/belmek.eus\/wp-content\/uploads\/icono_05.svg\" alt=\"Icono\" itemprop=\"image\" height=\"121\" width=\"150\" height=\"242\" width=\"300\" height=\"826\" width=\"1024\" height=\"1\" width=\"1\" height=\"1\" width=\"1\" height=\"46\" width=\"57\" title=\"icono_05\" onerror=\"this.style.display='none'\"  \/>\n<h2>\n\t\t\tVous souhaitez en savoir plus sur notre parc machines?\t<\/h2>\n\t<p>Entrez votre nom et votre adresse e-mail pour recevoir imm\u00e9diatement notre catalogue de machines.<\/p>\n\t\t    <form data-form_id=\"14\" id=\"fluentform_14\" data-form_instance=\"ff_form_instance_14_1\" method=\"POST\"><fieldset>\n                    <legend>Descarga Maquinaria Medios &#8211; FR<\/legend><input type='hidden' name='__fluent_form_embded_post_id' value='649' \/><input type=\"hidden\" id=\"_fluentform_14_fluentformnonce\" name=\"_fluentform_14_fluentformnonce\" value=\"cb32f3401a\" \/><input type=\"hidden\" name=\"_wp_http_referer\" value=\"\/fr\/?page_id=649&#038;fl_builder\" \/><input type=\"text\" name=\"names[first_name]\" id=\"ff_14_names_first_name_\" placeholder=\"Ecrivez votre nom\" aria-invalid=\"false\" aria-required=true\/><input type=\"email\" name=\"email_1\" id=\"ff_14_email_1\" placeholder=\"Courrier \u00e9lectronique\" data-name=\"email_1\"  aria-invalid=\"false\" aria-required=true\/><button type=\"submit\" name=\"custom_submit_button-14_1\" data-name=\"custom_submit_button-14_1\">Envoyer<\/button><style>form.fluent_form_14 .wpf_has_custom_css.ff-btn-submit { background-color:rgba(51, 51, 51, 1);color:#ffffff;border-radius:0px;min-width:100%; }form.fluent_form_14 .wpf_has_custom_css.ff-btn-submit:hover { background-color:rgba(51, 51, 51, 1);color:rgba(255, 255, 255, 1);border-radius:0px;min-width:100%; } <\/style><\/fieldset><\/form>            \n<h1>\n\t\t\tModernisation, automatisation, augmentation de la capacit\u00e9 de production  bas\u00e9e sur l&rsquo;automatisation et la digitalisation des processus\t<\/h1>\n\t\t\t\t\t\t\t\t\t<img loading=\"lazy\" decoding=\"async\" src=\"https:\/\/belmek.eus\/wp-content\/uploads\/icono_04.svg\" alt=\"Icono\" itemprop=\"image\" height=\"146\" width=\"150\" height=\"291\" width=\"300\" height=\"994\" width=\"1024\" height=\"1\" width=\"1\" height=\"1\" width=\"1\" height=\"62\" width=\"64\" title=\"icono_04\" onerror=\"this.style.display='none'\"  \/>\n<h2>\n\t\t\tNous g\u00e9rons d&rsquo;une mani\u00e8re responsable les d\u00e9chets g\u00e9n\u00e9r\u00e9s par les activit\u00e9s de notre entreprise en les confiant \u00e0 un prestataire agr\u00e8e.\t<\/h2>\n\n","protected":false},"excerpt":{"rendered":"<p>Moyens de productions Nos centres de tournage de derni\u00e8res g\u00e9n\u00e9ration nous permettent de donner une r\u00e9ponse optimale \u00e0 nos clients GRANDE COMPLEXIT\u00c9 Des normes de qualit\u00e9 \u00e9lev\u00e9es Pour le d\u00e9colletage nous disposons de tours CNC \u00e9quip\u00e9s de chargeurs de barres automatiques jusqu&rsquo;\u00e0 65 mm, con\u00e7us pour l&rsquo;usinage de pi\u00e8ces en s\u00e9rie. PROCESSUS AUTOMATIQUES capables d&rsquo;usiner&hellip;<\/p>\n","protected":false},"author":1,"featured_media":0,"parent":0,"menu_order":0,"comment_status":"closed","ping_status":"closed","template":"","meta":{"inline_featured_image":false,"slim_seo":{"description":"Centres de tournage CNC ultramodernes. D\u00e9colletage, usinage de pi\u00e8ces jusqu'\u00e0 350 mm et 50 kg avec une grande pr\u00e9cision et des processus automatis\u00e9s.","title":"MOYENS DE PRODUCTIONS - Belmek"},"footnotes":""},"class_list":["post-649","page","type-page","status-publish","hentry"],"_links":{"self":[{"href":"https:\/\/belmek.eus\/fr\/wp-json\/wp\/v2\/pages\/649","targetHints":{"allow":["GET"]}}],"collection":[{"href":"https:\/\/belmek.eus\/fr\/wp-json\/wp\/v2\/pages"}],"about":[{"href":"https:\/\/belmek.eus\/fr\/wp-json\/wp\/v2\/types\/page"}],"author":[{"embeddable":true,"href":"https:\/\/belmek.eus\/fr\/wp-json\/wp\/v2\/users\/1"}],"replies":[{"embeddable":true,"href":"https:\/\/belmek.eus\/fr\/wp-json\/wp\/v2\/comments?post=649"}],"version-history":[{"count":1,"href":"https:\/\/belmek.eus\/fr\/wp-json\/wp\/v2\/pages\/649\/revisions"}],"predecessor-version":[{"id":928,"href":"https:\/\/belmek.eus\/fr\/wp-json\/wp\/v2\/pages\/649\/revisions\/928"}],"wp:attachment":[{"href":"https:\/\/belmek.eus\/fr\/wp-json\/wp\/v2\/media?parent=649"}],"curies":[{"name":"wp","href":"https:\/\/api.w.org\/{rel}","templated":true}]}}