{"id":642,"date":"2024-01-09T11:13:46","date_gmt":"2024-01-09T10:13:46","guid":{"rendered":"https:\/\/belmek.eus\/producto\/"},"modified":"2024-12-02T15:02:14","modified_gmt":"2024-12-02T14:02:14","slug":"produits","status":"publish","type":"page","link":"https:\/\/belmek.eus\/fr\/produits\/","title":{"rendered":"PRODUITS"},"content":{"rendered":"\n<h1>\n\t\tProduit de pr\u00e9cision\n\t<\/h1>\n<h2>\n\t\tNous usinons des pi\u00e8ces, en s\u00e9rie, sur plan, pour les secteurs de l&rsquo;automobile, de l&rsquo;\u00e9l\u00e9vation, de l&rsquo;\u00e9nergie \u00e9olienne et des biens d&rsquo;\u00e9quipement\n\t<\/h2>\n<h2>\n\t\tOPTIMISATION CONSTANTE DES PROCESSUS DE PRODUCTION\n\t<\/h2>\n\t\t\t\t\t\t\t\t\t<img loading=\"lazy\" decoding=\"async\" src=\"https:\/\/belmek.eus\/wp-content\/uploads\/automocion-1-1024x678-1.jpeg\" alt=\"Automocion 1 1024x678\" itemprop=\"image\" height=\"678\" width=\"1024\" srcset=\"https:\/\/belmek.eus\/wp-content\/uploads\/automocion-1-1024x678-1.jpeg 1024w, https:\/\/belmek.eus\/wp-content\/uploads\/automocion-1-1024x678-1-300x199.jpeg 300w, https:\/\/belmek.eus\/wp-content\/uploads\/automocion-1-1024x678-1-768x509.jpeg 768w\" sizes=\"auto, (max-width: 1024px) 100vw, 1024px\" title=\"automocion-1-1024x678\" onerror=\"this.style.display='none'\">\n<h2>\n\t\tAutomobile\n\t<\/h2>\n\t\t\t\t\t\t\t\t\t<img loading=\"lazy\" decoding=\"async\" src=\"https:\/\/belmek.eus\/wp-content\/uploads\/icono_07.svg\" alt=\"Icono 07\" itemprop=\"image\" height=\"150\" width=\"150\" title=\"icono_07\" onerror=\"this.style.display='none'\">\n\t<p>Des composants de pr\u00e9cision qui stimulent l&rsquo;innovation dans l&rsquo;industrie automobile, con\u00e7us sur mesure pour des performances exceptionnelles.<\/p>\n\t\t\t\t\t\t\t\t\t<img loading=\"lazy\" decoding=\"async\" src=\"https:\/\/belmek.eus\/wp-content\/uploads\/elevacion-1024x678-1.jpeg\" alt=\"Elevacion 1024x678\" itemprop=\"image\" height=\"678\" width=\"1024\" srcset=\"https:\/\/belmek.eus\/wp-content\/uploads\/elevacion-1024x678-1.jpeg 1024w, https:\/\/belmek.eus\/wp-content\/uploads\/elevacion-1024x678-1-300x199.jpeg 300w, https:\/\/belmek.eus\/wp-content\/uploads\/elevacion-1024x678-1-768x509.jpeg 768w\" sizes=\"auto, (max-width: 1024px) 100vw, 1024px\" title=\"elevacion-1024x678\" onerror=\"this.style.display='none'\">\n<h2>\n\t\tLevage\n\t<\/h2>\n\t\t\t\t\t\t\t\t\t<img loading=\"lazy\" decoding=\"async\" src=\"https:\/\/belmek.eus\/wp-content\/uploads\/icono_07.svg\" alt=\"Icono 07\" itemprop=\"image\" height=\"150\" width=\"150\" title=\"icono_07\" onerror=\"this.style.display='none'\">\n\t<p>Pi\u00e8ces essentielles pour les syst\u00e8mes de levage, fabriqu\u00e9es avec pr\u00e9cision pour assurer une manutention s\u00fbre et efficace des charges.<\/p>\n<h2>\n\t\tDES PI\u00c8CES TERMIN\u00c9S AVEC DES  FINITIONS DE HAUTE QUALIT\u00c9\n\t<\/h2>\n\t\t\t\t\t\t\t\t\t<img loading=\"lazy\" decoding=\"async\" src=\"https:\/\/belmek.eus\/wp-content\/uploads\/icono_04.svg\" alt=\"Icono 04\" itemprop=\"image\" height=\"146\" width=\"150\" title=\"icono_04\" onerror=\"this.style.display='none'\">\n<h2>\n\t\tNous g\u00e9rons  l&rsquo;ensemble du processus  de fabrication des pi\u00e8ces, y compris les traitements thermiques, les rev\u00eatements, la rectification\n\t<\/h2>\n","protected":false},"excerpt":{"rendered":"<p>Produit de pr\u00e9cision Nous usinons des pi\u00e8ces, en s\u00e9rie, sur plan, pour les secteurs de l&rsquo;automobile, de l&rsquo;\u00e9l\u00e9vation, de l&rsquo;\u00e9nergie \u00e9olienne et des biens d&rsquo;\u00e9quipement OPTIMISATION CONSTANTE DES PROCESSUS DE PRODUCTION Automobile Des composants de pr\u00e9cision qui stimulent l&rsquo;innovation dans l&rsquo;industrie automobile, con\u00e7us sur mesure pour des performances exceptionnelles. Levage Pi\u00e8ces essentielles pour les syst\u00e8mes&hellip;<\/p>\n","protected":false},"author":1,"featured_media":0,"parent":0,"menu_order":0,"comment_status":"closed","ping_status":"closed","template":"","meta":{"inline_featured_image":false,"slim_seo":{"description":"Nous usinons des pi\u00e8ces de pr\u00e9cision en s\u00e9rie pour les secteurs de l'automobile, du levage, de l'\u00e9nergie \u00e9olienne et des biens d'\u00e9quipement. Qualit\u00e9, efficacit\u00e9 et finitions de haut niveau.","title":"PRODUITS - Belmek"},"footnotes":""},"class_list":["post-642","page","type-page","status-publish","hentry"],"_links":{"self":[{"href":"https:\/\/belmek.eus\/fr\/wp-json\/wp\/v2\/pages\/642","targetHints":{"allow":["GET"]}}],"collection":[{"href":"https:\/\/belmek.eus\/fr\/wp-json\/wp\/v2\/pages"}],"about":[{"href":"https:\/\/belmek.eus\/fr\/wp-json\/wp\/v2\/types\/page"}],"author":[{"embeddable":true,"href":"https:\/\/belmek.eus\/fr\/wp-json\/wp\/v2\/users\/1"}],"replies":[{"embeddable":true,"href":"https:\/\/belmek.eus\/fr\/wp-json\/wp\/v2\/comments?post=642"}],"version-history":[{"count":0,"href":"https:\/\/belmek.eus\/fr\/wp-json\/wp\/v2\/pages\/642\/revisions"}],"wp:attachment":[{"href":"https:\/\/belmek.eus\/fr\/wp-json\/wp\/v2\/media?parent=642"}],"curies":[{"name":"wp","href":"https:\/\/api.w.org\/{rel}","templated":true}]}}