{"id":634,"date":"2024-01-08T14:43:48","date_gmt":"2024-01-08T13:43:48","guid":{"rendered":"https:\/\/belmek.eus\/calidad-y-trazabilidad\/"},"modified":"2026-02-27T10:54:47","modified_gmt":"2026-02-27T09:54:47","slug":"qualite-et-tracabilite","status":"publish","type":"page","link":"https:\/\/belmek.eus\/fr\/qualite-et-tracabilite\/","title":{"rendered":"QUALIT\u00c9 et TRA\u00c7ABILIT\u00c9"},"content":{"rendered":"\n<h1>\n\t\t\tQualit\u00e9 et tra\u00e7abilit\u00e9\t<\/h1>\n<h2>\n\t\t\tEngagement et  auto-exigence  sont le moteur de notre croissance et essentiels pour notre projet durable.\t<\/h2>\n\t\t<meta itemprop=\"url\" content=\"https:\/\/belmek.eus\/wp-content\/uploads\/3_belmek_calidad.mp4\" \/><div style=\"width: 640px;\" class=\"wp-video\"><video muted class=\"wp-video-shortcode\" id=\"video-634-1\" width=\"640\" height=\"360\" loop autoplay preload=\"metadata\" controls=\"controls\"><source type=\"video\/mp4\" src=\"https:\/\/belmek.eus\/wp-content\/uploads\/3_belmek_calidad.mp4?_=1\" \/><source type=\"video\/mp4\" src=\"https:\/\/belmek.eus\/wp-content\/uploads\/3_belmek_calidad.mp4?_=1\" \/><a href=\"https:\/\/belmek.eus\/wp-content\/uploads\/3_belmek_calidad.mp4\">https:\/\/belmek.eus\/wp-content\/uploads\/3_belmek_calidad.mp4<\/a><\/video><\/div>\t\n\t<p>L&rsquo;\u00c9FFICACIT\u00c9 EST LA CL\u00c9<\/p>\n<h2>\n\t\t\tOptimisation des processus\t<\/h2>\n\t<p>Notre syst\u00e8me de tra\u00e7abilit\u00e9 et contr\u00f4le des articles nous fournis les informations n\u00e9cessaires pour garantir la transparence et suivi des commandes.<\/p>\n<h2>\n\t\t\tBELMEK DISPOSE DE TOUT TYPE DE MOYENS DE CONTR\u00d4LES\t<\/h2>\n<h2>\n\t\t\t&#8211; Jauges \u00e9lectronique <br \/>&#038;nbsp&#038;nbspnum\u00e9riques\t<\/h2>\n<h2>\n\t\t\t&#8211; Microm\u00e8tres digitaux\t<\/h2>\n<h2>\n\t\t\t&#8211; Rugosim\u00e8tre\t<\/h2>\n<h2>\n\t\t\t&#8211; Jauge de hauteur num\u00e9rique\t<\/h2>\n<h2>\n\t\t\t&#8211; Projecteur de profil num\u00e9rique\t<\/h2>\n<h2>\n\t\t\t&#8211; Gauges go\/no-go \t<\/h2>\n<h2>\n\t\t\t&#8211; Control <br \/>&#038;nbsp&#038;nbsptridimensionnel\t<\/h2>\n\t\t\t\t\t\t\t\t\t<img loading=\"lazy\" decoding=\"async\" src=\"https:\/\/belmek.eus\/wp-content\/uploads\/calidad_trazabilidad_medicion.jpg\" alt=\"Calidad Trazabilidad Medicion\" itemprop=\"image\" height=\"512\" width=\"993\" srcset=\"https:\/\/belmek.eus\/wp-content\/uploads\/calidad_trazabilidad_medicion.jpg 993w, https:\/\/belmek.eus\/wp-content\/uploads\/calidad_trazabilidad_medicion-300x155.jpg 300w, https:\/\/belmek.eus\/wp-content\/uploads\/calidad_trazabilidad_medicion-768x396.jpg 768w\" sizes=\"auto, (max-width: 993px) 100vw, 993px\" title=\"calidad_trazabilidad_medicion\" onerror=\"this.style.display='none'\"  \/>\n<h2>\n\t\t\tQualit\u00e9 ISO &#8211; 9001\t<\/h2>\n\t<p>Preuve de notre engagement avec un haut niveau de qualit\u00e9 est notre certification ISO 9001-2015. Cette norme a comme objetif de maintenir un syst\u00e8me de management de la qualit\u00e9 qui nous permet d&rsquo;assurer la qualit\u00e9 de notre service. Entrez vos informations pour acc\u00e9der au document.<\/p>\n\t\t    <form data-form_id=\"11\" id=\"fluentform_11\" data-form_instance=\"ff_form_instance_11_1\" method=\"POST\"><fieldset>\n                    <legend>Descarga ISO &#8211; Calidad &#8211; FR<\/legend><input type='hidden' name='__fluent_form_embded_post_id' value='634' \/><input type=\"hidden\" id=\"_fluentform_11_fluentformnonce\" name=\"_fluentform_11_fluentformnonce\" value=\"cb32f3401a\" \/><input type=\"hidden\" name=\"_wp_http_referer\" value=\"\/fr\/?page_id=634&#038;fl_builder\" \/><input type=\"text\" name=\"names[first_name]\" id=\"ff_11_names_first_name_\" placeholder=\"Entrez votre nom\" aria-invalid=\"false\" aria-required=true\/><input type=\"email\" name=\"email_1\" id=\"ff_11_email_1\" placeholder=\"Courrier \u00e9lectronique\" data-name=\"email_1\"  aria-invalid=\"false\" aria-required=true\/><button type=\"submit\" name=\"custom_submit_button-11_1\" data-name=\"custom_submit_button-11_1\">Envoyer<\/button><style>form.fluent_form_11 .wpf_has_custom_css.ff-btn-submit { background-color:rgba(248, 198, 0, 1);color:rgba(51, 51, 51, 1);border-radius:0px;min-width:100%; }form.fluent_form_11 .wpf_has_custom_css.ff-btn-submit:hover { background-color:rgba(248, 198, 0, 1);color:rgba(51, 51, 51, 1);border-radius:0px;min-width:100%; } <\/style><\/fieldset><\/form>            \n\t\t\t\t\t\t\t\t\t<img loading=\"lazy\" decoding=\"async\" src=\"https:\/\/belmek.eus\/wp-content\/uploads\/icono_04.svg\" alt=\"Icono\" itemprop=\"image\" height=\"146\" width=\"150\" height=\"291\" width=\"300\" height=\"994\" width=\"1024\" height=\"1\" width=\"1\" height=\"1\" width=\"1\" height=\"62\" width=\"64\" title=\"icono_04\" onerror=\"this.style.display='none'\"  \/>\n<h2>\n\t\t\tLa formation continue  et la satisfaction des \u00e9quipes sont les piliers fondamentaux de notre succ\u00e8s, favorisant une croissance organisationnelle durable et une culture d&rsquo;innovation constante.\t<\/h2>\n\n","protected":false},"excerpt":{"rendered":"<p>Qualit\u00e9 et tra\u00e7abilit\u00e9 Engagement et auto-exigence sont le moteur de notre croissance et essentiels pour notre projet durable. L&rsquo;\u00c9FFICACIT\u00c9 EST LA CL\u00c9 Optimisation des processus Notre syst\u00e8me de tra\u00e7abilit\u00e9 et contr\u00f4le des articles nous fournis les informations n\u00e9cessaires pour garantir la transparence et suivi des commandes. BELMEK DISPOSE DE TOUT TYPE DE MOYENS DE CONTR\u00d4LES&hellip;<\/p>\n","protected":false},"author":1,"featured_media":0,"parent":0,"menu_order":0,"comment_status":"closed","ping_status":"closed","template":"","meta":{"inline_featured_image":false,"slim_seo":{"description":"D\u00e9couvrez comment Belmek optimise la qualit\u00e9 et la tra\u00e7abilit\u00e9 gr\u00e2ce \u00e0 un syst\u00e8me moderne et \u00e0 la conformit\u00e9 \u00e0 la norme ISO 9001, garantissant ainsi la transparence et l'efficacit\u00e9.","title":"QUALIT\u00c9 et TRA\u00c7ABILIT\u00c9 - Belmek"},"footnotes":""},"class_list":["post-634","page","type-page","status-publish","hentry"],"_links":{"self":[{"href":"https:\/\/belmek.eus\/fr\/wp-json\/wp\/v2\/pages\/634","targetHints":{"allow":["GET"]}}],"collection":[{"href":"https:\/\/belmek.eus\/fr\/wp-json\/wp\/v2\/pages"}],"about":[{"href":"https:\/\/belmek.eus\/fr\/wp-json\/wp\/v2\/types\/page"}],"author":[{"embeddable":true,"href":"https:\/\/belmek.eus\/fr\/wp-json\/wp\/v2\/users\/1"}],"replies":[{"embeddable":true,"href":"https:\/\/belmek.eus\/fr\/wp-json\/wp\/v2\/comments?post=634"}],"version-history":[{"count":1,"href":"https:\/\/belmek.eus\/fr\/wp-json\/wp\/v2\/pages\/634\/revisions"}],"predecessor-version":[{"id":916,"href":"https:\/\/belmek.eus\/fr\/wp-json\/wp\/v2\/pages\/634\/revisions\/916"}],"wp:attachment":[{"href":"https:\/\/belmek.eus\/fr\/wp-json\/wp\/v2\/media?parent=634"}],"curies":[{"name":"wp","href":"https:\/\/api.w.org\/{rel}","templated":true}]}}