{"id":622,"date":"2024-01-05T09:03:09","date_gmt":"2024-01-05T08:03:09","guid":{"rendered":"https:\/\/belmek.eus\/inicio\/"},"modified":"2026-02-27T11:27:58","modified_gmt":"2026-02-27T10:27:58","slug":"inicio","status":"publish","type":"page","link":"https:\/\/belmek.eus\/fr\/","title":{"rendered":"ACCUEIL"},"content":{"rendered":"\n<h2>\n\t\t\tBELMEK \t<\/h2>\n\t<p>Plus de 20 ans d&rsquo;usinage de pr\u00e9cision avec engagement local et modernisation<\/p>\n\t\t\t\t\t\t\t\t\t<img loading=\"lazy\" decoding=\"async\" src=\"https:\/\/belmek.eus\/wp-content\/uploads\/home_01.jpg\" alt=\"Home 01\" itemprop=\"image\" height=\"462\" width=\"1424\" srcset=\"https:\/\/belmek.eus\/wp-content\/uploads\/home_01.jpg 1424w, https:\/\/belmek.eus\/wp-content\/uploads\/home_01-300x97.jpg 300w, https:\/\/belmek.eus\/wp-content\/uploads\/home_01-1024x332.jpg 1024w, https:\/\/belmek.eus\/wp-content\/uploads\/home_01-768x249.jpg 768w\" sizes=\"auto, (max-width: 1424px) 100vw, 1424px\" title=\"home_01\" onerror=\"this.style.display='none'\"  \/>\n\t<p>BELMEK a \u00e9t\u00e9 fond\u00e9e il y a plus de vingt ans en tant qu&rsquo;entreprise sp\u00e9cialis\u00e9e dans l&rsquo;usinage de pr\u00e9cision.<\/p>\n<p>Nous sommes bas\u00e9e \u00e0 Bergara (GUIPUZCOA), position strat\u00e9gique car nous avons acces dans un rayon de moins de 15 km, \u00e0 toutes sortes de mat\u00e9riaux et fournisseurs. Les op\u00e9rations de sous-traitance telles que le traitement thermique, l&rsquo;usinage ou d&rsquo;autres t\u00e2ches n\u00e9cessaires aux pi\u00e8ces command\u00e9es; sont r\u00e9alis\u00e9es en collaboration avec des partenaires proches.<\/p>\n<p>Ces facteurs sont essentiels pour la rapidit\u00e9 et la garantie des livraisons.<\/p>\n<p>BELMEK est une entreprise de valeurs forts, qui sont le reflet de son int\u00e9grit\u00e9 et engagement :<\/p>\n<p>&#8211; Engagement des travailleurs.<\/p>\n<p>&#8211; Nous encourageons et soutenons l&rsquo;utilisation de l&rsquo;EUSKERA comme signe de notre lien avec la tradition et l&rsquo;origine.<\/p>\n<p>Ce lien avec la tradition ne nous emp\u00eache pas d&rsquo;\u00eatre ouverts aux nouvelles technologies et \u00e0 la modernisation, comme en t\u00e9moigne notre savoir-faire.<\/p>\n<h2>\n\t\t\tServices d&rsquo;avant-garde\t<\/h2>\n<h2>\n\t\t\tUsinage de pr\u00e9cision\t<\/h2>\n\t<p>Nos solutions en usinage garantissent des pi\u00e8ces de grande qualit\u00e9, efficaces, satisfaction des clients en accomplissant les attentes les plus exigeantes.<\/p>\n\t\t\t\t\t\t\t\t\t<img loading=\"lazy\" decoding=\"async\" src=\"https:\/\/belmek.eus\/wp-content\/uploads\/icono_01.svg\" alt=\"Icono\" itemprop=\"image\" height=\"96\" width=\"150\" height=\"192\" width=\"300\" height=\"656\" width=\"1024\" height=\"1\" width=\"1\" height=\"1\" width=\"1\" height=\"32\" width=\"50\" title=\"icono_01\" onerror=\"this.style.display='none'\"  \/>\n<h2>\n\t\t\tPi\u00e8ces finies\t<\/h2>\n\t<p>Nos solutions en usinage garantissent des pi\u00e8ces de grande qualit\u00e9, efficaces, satisfaction des clients en accomplissant les attentes les plus exigeantes.<\/p>\n\t\t\t\t\t\t\t\t\t<img loading=\"lazy\" decoding=\"async\" src=\"https:\/\/belmek.eus\/wp-content\/uploads\/icono_02.svg\" alt=\"Icono\" itemprop=\"image\" height=\"84\" width=\"150\" height=\"169\" width=\"300\" height=\"575\" width=\"1024\" height=\"1\" width=\"1\" height=\"1\" width=\"1\" height=\"32\" width=\"57\" title=\"icono_02\" onerror=\"this.style.display='none'\"  \/>\n<h2>\n\t\t\tProduction efficace\t<\/h2>\n\t<p>Notre parc de machine CNC nous permet d&rsquo;usiner tout type de mat\u00e9riaux comme acier, inox, aluminium, laiton, bronze, forge, fonte et plastiques techniques.<\/p>\n\t\t\t\t\t\t\t\t\t<img loading=\"lazy\" decoding=\"async\" src=\"https:\/\/belmek.eus\/wp-content\/uploads\/icono_03.svg\" alt=\"Icono\" itemprop=\"image\" height=\"84\" width=\"150\" height=\"169\" width=\"300\" height=\"575\" width=\"1024\" height=\"1\" width=\"1\" height=\"1\" width=\"1\" height=\"32\" width=\"57\" title=\"icono_03\" onerror=\"this.style.display='none'\"  \/>\n<h2>\n\t\t\tCollaboration avec nos clients\t<\/h2>\n\t<p>Nous travaillons avec un mod\u00e8le de collaboration entre nous et le client qui permet de mieux comprendre ces besoins. Nous proposons aussi des solutions personalis\u00e9es.<\/p>\n\t<!DOCTYPE html>\n<html lang=\"es\">\n<head>\n    <meta charset=\"UTF-8\"\/>\n    <meta name=\"viewport\" content=\"width=device-width, initial-scale=1.0\"\/>\n    <title>Document<\/title>\n    <link rel=\"preconnect\" href=\"https:\/\/fonts.googleapis.com\"\/>\n    <link rel=\"preconnect\" href=\"https:\/\/fonts.gstatic.com\" crossorigin\/>\n    <link rel=\"stylesheet\" href=\"https:\/\/use.typekit.net\/xtk2pof.css\"\/>\n    <style> \n        *{\n            margin: 0px;\n            padding: 0px;\n            box-sizing: border-box;\n        }\n        .marquesina {\n            white-space: nowrap;\n            overflow: hidden;\n            position: relative;\n        }\n        .marquesina .animacion {\n            display: inline-block;\n            animation: marquee 470s linear infinite;\n        }\n        @keyframes marquee {\n            0% { transform: translateX(1%); }\n            100% { transform: translateX(-100%); }\n        }\n        .texto {\n            color: #FFF;\n            font-family: \"Proxima Nova\" !important;\n            font-size: 48px;\n            line-height: 120px;\n            font-style: normal;\n            font-weight: 400; \n        }\n        .estilo_contenedor{\n            background-color: #F8C600;\n            height: 120x;\n        }\n     <\/style>\n<\/head>\n<body>\n    <section>\n                 D\u00c9COLLETAGE DE PR\u00c9CISION  \/ PRECISION MACHINING.&nbsp; D\u00c9COLLETAGE DE PR\u00c9CISION  \/ PRECISION MACHINING.&nbsp;D\u00c9COLLETAGE DE PR\u00c9CISION  \/ PRECISION MACHINING.&nbsp;D\u00c9COLLETAGE DE PR\u00c9CISION  \/ PRECISION MACHINING.&nbsp;D\u00c9COLLETAGE DE PR\u00c9CISION  \/ PRECISION MACHINING.&nbsp;D\u00c9COLLETAGE DE PR\u00c9CISION  \/ PRECISION MACHINING.&nbsp;D\u00c9COLLETAGE DE PR\u00c9CISION  \/ PRECISION MACHINING.&nbsp;D\u00c9COLLETAGE DE PR\u00c9CISION  \/ PRECISION MACHINING.&nbsp;D\u00c9COLLETAGE DE PR\u00c9CISION  \/ PRECISION MACHINING.&nbsp;D\u00c9COLLETAGE DE PR\u00c9CISION  \/ PRECISION MACHINING.&nbsp;D\u00c9COLLETAGE DE PR\u00c9CISION  \/ PRECISION MACHINING.&nbsp;D\u00c9COLLETAGE DE PR\u00c9CISION  \/ PRECISION MACHINING.&nbsp;D\u00c9COLLETAGE DE PR\u00c9CISION  \/ PRECISION MACHINING.&nbsp;D\u00c9COLLETAGE DE PR\u00c9CISION  \/ PRECISION MACHINING.&nbsp;D\u00c9COLLETAGE DE PR\u00c9CISION  \/ PRECISION MACHINING.&nbsp;D\u00c9COLLETAGE DE PR\u00c9CISION  \/ PRECISION MACHINING.&nbsp;D\u00c9COLLETAGE DE PR\u00c9CISION  \/ PRECISION MACHINING.&nbsp;D\u00c9COLLETAGE DE PR\u00c9CISION  \/ PRECISION MACHINING.&nbsp;\n    <\/section>\n<\/body>\n<\/html>\n\t\t\t\t\t\t\t\t\t<img loading=\"lazy\" decoding=\"async\" src=\"https:\/\/belmek.eus\/wp-content\/uploads\/icono_04.svg\" alt=\"Icono\" itemprop=\"image\" height=\"146\" width=\"150\" height=\"291\" width=\"300\" height=\"994\" width=\"1024\" height=\"1\" width=\"1\" height=\"1\" width=\"1\" height=\"62\" width=\"64\" title=\"icono_04\" onerror=\"this.style.display='none'\"  \/>\n<h2>\n\t\t\tLe principe fondamental de MECANIZADOS DE PRECISION BELMEK est la satisfaction de nos clients et pour cela nous travaillons dans l&rsquo;am\u00e9lioration et optimisation de nos processus.\t<\/h2>\n<h2>\n\t\t\tChiffres repr\u00e9sentatif\t<\/h2>\n\t\t\t303,500\n\t<p>Pi\u00e8ces usin\u00e9es<\/p>\n\t\t\t780\n\t<p>Offres pr\u00e9sent\u00e9es<\/p>\n\t\t\t65\n\t<p>Tonnes de copeaux enlev\u00e9s<\/p>\n<h2>\n\t\t\t*Donn\u00e9s cl\u00e9s pour informer et mettre en \u00e9vidence nos performances r\u00e9alis\u00e9s en 2023. \t<\/h2>\n<h2>\n\t\t\tPays exportateurs\t<\/h2>\n\t\t\t\t\t\t\t\t\t<img loading=\"lazy\" decoding=\"async\" src=\"https:\/\/belmek.eus\/wp-content\/uploads\/infografia3_frances-scaled.jpg\" alt=\"Infografia3 Frances\" itemprop=\"image\" height=\"1435\" width=\"2560\" srcset=\"https:\/\/belmek.eus\/wp-content\/uploads\/infografia3_frances-scaled.jpg 2560w, https:\/\/belmek.eus\/wp-content\/uploads\/infografia3_frances-300x168.jpg 300w, https:\/\/belmek.eus\/wp-content\/uploads\/infografia3_frances-1024x574.jpg 1024w, https:\/\/belmek.eus\/wp-content\/uploads\/infografia3_frances-768x430.jpg 768w, https:\/\/belmek.eus\/wp-content\/uploads\/infografia3_frances-1536x861.jpg 1536w, https:\/\/belmek.eus\/wp-content\/uploads\/infografia3_frances-2048x1148.jpg 2048w\" sizes=\"auto, (max-width: 2560px) 100vw, 2560px\" title=\"infografia3_frances\" onerror=\"this.style.display='none'\"  \/>\n\t\t\t\t\t\t\t\t\t<img loading=\"lazy\" decoding=\"async\" src=\"https:\/\/belmek.eus\/wp-content\/uploads\/icono_05.svg\" alt=\"Icono\" itemprop=\"image\" height=\"121\" width=\"150\" height=\"242\" width=\"300\" height=\"826\" width=\"1024\" height=\"1\" width=\"1\" height=\"1\" width=\"1\" height=\"46\" width=\"57\" title=\"icono_05\" onerror=\"this.style.display='none'\"  \/>\n<h2>\n\t\t\tAcc\u00e8s \u00e0 notre catalogue\t<\/h2>\n\t<p>Entrez votre nom et votre adresse e-mail pour recevoir notre catalogue imm\u00e9diatement.<\/p>\n\t\t    <form data-form_id=\"8\" id=\"fluentform_8\" data-form_instance=\"ff_form_instance_8_1\" method=\"POST\"><fieldset>\n                    <legend>Descarga Catalogo Home &#8211; FR<\/legend><input type='hidden' name='__fluent_form_embded_post_id' value='622' \/><input type=\"hidden\" id=\"_fluentform_8_fluentformnonce\" name=\"_fluentform_8_fluentformnonce\" value=\"cb32f3401a\" \/><input type=\"hidden\" name=\"_wp_http_referer\" value=\"\/fr\/?fl_builder\" \/><input type=\"text\" name=\"names[first_name]\" id=\"ff_8_names_first_name_\" placeholder=\"Ecrivez votre nom\" aria-invalid=\"false\" aria-required=true\/><input type=\"email\" name=\"email_1\" id=\"ff_8_email_1\" placeholder=\"Courrier \u00e9lectronique\" data-name=\"email_1\"  aria-invalid=\"false\" aria-required=true\/><button type=\"submit\" name=\"custom_submit_button-8_1\" data-name=\"custom_submit_button-8_1\"> Envoyer<\/button><style>form.fluent_form_8 .wpf_has_custom_css.ff-btn-submit { background-color:rgba(51, 51, 51, 1);border-color:#1a7efb;color:#ffffff;border-radius:0px;min-width:100%; }form.fluent_form_8 .wpf_has_custom_css.ff-btn-submit:hover { background-color:rgba(51, 51, 51, 1);border-color:#1a7efb;color:rgba(255, 255, 255, 1);border-radius:0px;min-width:100%; } <\/style><\/fieldset><\/form>            \n\n","protected":false},"excerpt":{"rendered":"<p>BELMEK Plus de 20 ans d&rsquo;usinage de pr\u00e9cision avec engagement local et modernisation BELMEK a \u00e9t\u00e9 fond\u00e9e il y a plus de vingt ans en tant qu&rsquo;entreprise sp\u00e9cialis\u00e9e dans l&rsquo;usinage de pr\u00e9cision. Nous sommes bas\u00e9e \u00e0 Bergara (GUIPUZCOA), position strat\u00e9gique car nous avons acces dans un rayon de moins de 15 km, \u00e0 toutes sortes&hellip;<\/p>\n","protected":false},"author":1,"featured_media":0,"parent":0,"menu_order":0,"comment_status":"closed","ping_status":"closed","template":"","meta":{"inline_featured_image":false,"slim_seo":{"description":"Sp\u00e9cialistes du d\u00e9colletage et de l'usinage de pr\u00e9cision pour les secteurs de l'automobile, des biens d'\u00e9quipement et de l'\u00e9nergie \u00e9olienne. Qualit\u00e9 et efficacit\u00e9 dans chaque pi\u00e8ce - en savoir plus !","title":"Belmek - Decoletaje y mecanizado"},"footnotes":""},"class_list":["post-622","page","type-page","status-publish","hentry"],"_links":{"self":[{"href":"https:\/\/belmek.eus\/fr\/wp-json\/wp\/v2\/pages\/622","targetHints":{"allow":["GET"]}}],"collection":[{"href":"https:\/\/belmek.eus\/fr\/wp-json\/wp\/v2\/pages"}],"about":[{"href":"https:\/\/belmek.eus\/fr\/wp-json\/wp\/v2\/types\/page"}],"author":[{"embeddable":true,"href":"https:\/\/belmek.eus\/fr\/wp-json\/wp\/v2\/users\/1"}],"replies":[{"embeddable":true,"href":"https:\/\/belmek.eus\/fr\/wp-json\/wp\/v2\/comments?post=622"}],"version-history":[{"count":2,"href":"https:\/\/belmek.eus\/fr\/wp-json\/wp\/v2\/pages\/622\/revisions"}],"predecessor-version":[{"id":933,"href":"https:\/\/belmek.eus\/fr\/wp-json\/wp\/v2\/pages\/622\/revisions\/933"}],"wp:attachment":[{"href":"https:\/\/belmek.eus\/fr\/wp-json\/wp\/v2\/media?parent=622"}],"curies":[{"name":"wp","href":"https:\/\/api.w.org\/{rel}","templated":true}]}}